{"id":6912,"date":"2026-02-26T12:07:05","date_gmt":"2026-02-26T12:07:05","guid":{"rendered":"https:\/\/maktabaal.carre.agency\/?post_type=product&#038;p=6912"},"modified":"2026-02-26T12:11:02","modified_gmt":"2026-02-26T12:11:02","slug":"commencez-par-bismillah","status":"publish","type":"product","link":"https:\/\/maktabaal.carre.agency\/ar\/product\/commencez-par-bismillah\/","title":{"rendered":"Commencez par Bismillah"},"content":{"rendered":"<h4>Commencez par Bismillah : Comment \u00e9lever un m\u00e9morisateur du Coran<\/h4>\n<p>Beaucoup de m\u00e8res se demandent : \u00ab\u00a0Comment introduire mon enfant au Coran ? Comment le pr\u00e9parer au parcours de m\u00e9morisation du Coran ?\u00a0\u00bb Ce livre a \u00e9t\u00e9 \u00e9crit pour r\u00e9pondre \u00e0 ces questions.<\/p>\n<p><em>Commencez par Bismillah\u00a0<\/em>est un guide simple pour aider les parents \u00e0 encourager et accompagner leurs enfants dans leur parcours de m\u00e9morisation. Il propose des conseils concrets et des exemples pratiques pour vous permettre de guider votre enfant vers son objectif de compl\u00e9tion du Coran.<\/p>\n<p>\u00a0\u00bb Le chemin du\u00a0<em>Hifdh<\/em> (m\u00e9morisation du Coran) est exigeant, mais il offre d&rsquo;immenses r\u00e9compenses \u00e0 toute la famille. Gr\u00e2ce \u00e0 ce livre r\u00e9dig\u00e9 avec soin, Umm Talha devient comme une mentor \u00e0 vos c\u00f4t\u00e9s tout au long de ce parcours. Quel pr\u00e9cieux cadeau !\u00a0\u00bb (Oustadha Fatima Barkatulla)<\/p>\n<p>&nbsp;<\/p>","protected":false},"excerpt":{"rendered":"<p>Commencez par Bismillah : Comment \u00e9lever un m\u00e9morisateur du Coran Beaucoup de m\u00e8res se demandent : \u00ab\u00a0Comment introduire mon enfant au Coran ? Comment le pr\u00e9parer au parcours de m\u00e9morisation du Coran ?\u00a0\u00bb Ce livre a \u00e9t\u00e9 \u00e9crit pour r\u00e9pondre \u00e0 ces questions. Commencez par Bismillah\u00a0est un guide simple pour aider les parents \u00e0 encourager [&hellip;]<\/p>\n","protected":false},"featured_media":7038,"comment_status":"closed","ping_status":"closed","template":"","meta":{"inline_featured_image":false},"product_brand":[],"product_cat":[614],"product_tag":[],"class_list":{"0":"post-6912","1":"product","2":"type-product","3":"status-publish","4":"has-post-thumbnail","6":"product_cat-livre-en-francais","8":"first","9":"outofstock","10":"shipping-taxable","11":"purchasable","12":"product-type-simple"},"_links":{"self":[{"href":"https:\/\/maktabaal.carre.agency\/ar\/wp-json\/wp\/v2\/product\/6912","targetHints":{"allow":["GET"]}}],"collection":[{"href":"https:\/\/maktabaal.carre.agency\/ar\/wp-json\/wp\/v2\/product"}],"about":[{"href":"https:\/\/maktabaal.carre.agency\/ar\/wp-json\/wp\/v2\/types\/product"}],"replies":[{"embeddable":true,"href":"https:\/\/maktabaal.carre.agency\/ar\/wp-json\/wp\/v2\/comments?post=6912"}],"wp:featuredmedia":[{"embeddable":true,"href":"https:\/\/maktabaal.carre.agency\/ar\/wp-json\/wp\/v2\/media\/7038"}],"wp:attachment":[{"href":"https:\/\/maktabaal.carre.agency\/ar\/wp-json\/wp\/v2\/media?parent=6912"}],"wp:term":[{"taxonomy":"product_brand","embeddable":true,"href":"https:\/\/maktabaal.carre.agency\/ar\/wp-json\/wp\/v2\/product_brand?post=6912"},{"taxonomy":"product_cat","embeddable":true,"href":"https:\/\/maktabaal.carre.agency\/ar\/wp-json\/wp\/v2\/product_cat?post=6912"},{"taxonomy":"product_tag","embeddable":true,"href":"https:\/\/maktabaal.carre.agency\/ar\/wp-json\/wp\/v2\/product_tag?post=6912"}],"curies":[{"name":"wp","href":"https:\/\/api.w.org\/{rel}","templated":true}]}}