{"id":8519,"date":"2026-03-25T14:42:52","date_gmt":"2026-03-25T14:42:52","guid":{"rendered":"https:\/\/maktabaal.carre.agency\/?page_id=8519"},"modified":"2026-03-25T15:10:08","modified_gmt":"2026-03-25T15:10:08","slug":"politique-de-confidentialite","status":"publish","type":"page","link":"https:\/\/maktabaal.carre.agency\/ar\/politique-de-confidentialite\/","title":{"rendered":"\u0633\u064a\u0627\u0633\u0629 \u0627\u0644\u062e\u0635\u0648\u0635\u064a\u0629"},"content":{"rendered":"<div data-elementor-type=\"wp-page\" data-elementor-id=\"8519\" class=\"elementor elementor-8519\">\n\t\t\t\t<div class=\"elementor-element elementor-element-852ad3b cgv e-flex e-con-boxed e-con e-parent\" data-id=\"852ad3b\" data-element_type=\"container\" data-e-type=\"container\">\n\t\t\t\t\t<div class=\"e-con-inner\">\n\t\t<div class=\"elementor-element elementor-element-80d8b13 e-con-full e-flex e-con e-child\" data-id=\"80d8b13\" data-element_type=\"container\" data-e-type=\"container\">\n\t\t\t\t<div class=\"elementor-element elementor-element-3f08c17 elementor-widget elementor-widget-text-editor\" data-id=\"3f08c17\" data-element_type=\"widget\" data-e-type=\"widget\" data-widget_type=\"text-editor.default\">\n\t\t\t\t\t\t\t\t\t<h1 data-section-id=\"b5le1z\" data-start=\"112\" data-end=\"146\"><span role=\"text\"><strong data-start=\"114\" data-end=\"146\">\u0633\u064a\u0627\u0633\u0629 \u0627\u0644\u062e\u0635\u0648\u0635\u064a\u0629<\/strong><\/span><\/h1><h2 data-section-id=\"vflf2y\" data-start=\"148\" data-end=\"170\"><span role=\"text\"><strong data-start=\"151\" data-end=\"170\">1. \u0645\u0642\u062f\u0645\u0629<\/strong><\/span><\/h2><p data-start=\"171\" data-end=\"368\" class=\"translation-block\">\u062a\u0635\u0641 \u0633\u064a\u0627\u0633\u0629 \u0627\u0644\u062e\u0635\u0648\u0635\u064a\u0629 \u0647\u0630\u0647 \u0627\u0644\u0637\u0631\u064a\u0642\u0629 \u0627\u0644\u062a\u064a \u062a\u062a\u0628\u0639\u0647\u0627 <strong data-start=\"\u201d235\u201c\" data-end=\"\u201d256\u201c\">\u0645\u0643\u062a\u0628\u0629 \u0627\u0644\u0625\u0634\u0631\u0627\u0642<\/strong> \u0641\u064a \u062c\u0645\u0639 \u0648\u0627\u0633\u062a\u062e\u062f\u0627\u0645 \u0648\u062d\u0645\u0627\u064a\u0629 \u0627\u0644\u0628\u064a\u0627\u0646\u0627\u062a \u0627\u0644\u0634\u062e\u0635\u064a\u0629 \u0644\u0645\u0633\u062a\u062e\u062f\u0645\u064a \u0627\u0644\u0645\u0648\u0642\u0639:<br data-start=\"\u201d337\u201c\" data-end=\"\u2019340\u2018\"><strong data-start=\"\u201d340\u201c\" data-end=\"\u201d368\u201c\"><a class=\"decorated-link\" href=\"http:\/\/www.maktabaal-ichraq.com\" target=\"_new\" rel=\"noopener\" data-start=\"\u2019342\u2018\" data-end=\"\u201d366\u201c\">www.maktabaal-ichraq.com<\/a><\/strong><\/p><p data-start=\"370\" data-end=\"495\">\u0646\u0644\u062a\u0632\u0645 \u0628\u0636\u0645\u0627\u0646 \u062d\u0645\u0627\u064a\u0629 \u0648\u0633\u0631\u064a\u0629 \u0628\u064a\u0627\u0646\u0627\u062a\u0643 \u0648\u0641\u0642\u064b\u0627 \u0644\u0644\u0648\u0627\u0626\u062d \u0627\u0644\u0645\u0639\u0645\u0648\u0644 \u0628\u0647\u0627.<\/p><hr data-start=\"497\" data-end=\"500\" \/><h2 data-section-id=\"lvzorw\" data-start=\"502\" data-end=\"530\"><span role=\"text\"><strong data-start=\"505\" data-end=\"530\">2. \u0627\u0644\u0628\u064a\u0627\u0646\u0627\u062a \u0627\u0644\u062a\u064a \u062a\u0645 \u062c\u0645\u0639\u0647\u0627<\/strong><\/span><\/h2><p data-start=\"531\" data-end=\"582\">\u064a\u0645\u0643\u0646\u0646\u0627 \u062c\u0645\u0639 \u0627\u0644\u0645\u0639\u0644\u0648\u0645\u0627\u062a \u0627\u0644\u062a\u0627\u0644\u064a\u0629:<\/p><ul data-start=\"584\" data-end=\"828\"><li data-section-id=\"1p9tfoz\" data-start=\"584\" data-end=\"614\" class=\"translation-block\"><strong data-start=\"\u201d586\u201c\" data-end=\"\u201d598\u201c\">\u0627\u0644\u0647\u0648\u064a\u0629<\/strong>: \u0627\u0644\u0627\u0633\u0645\u060c \u0627\u0644\u0627\u0633\u0645 \u0627\u0644\u0623\u0648\u0644<\/li><li data-section-id=\"1yfvyr0\" data-start=\"615\" data-end=\"688\" class=\"translation-block\"><strong data-start=\"\u201d617\u201c\" data-end=\"\u201d632\u201c\">\u0628\u064a\u0627\u0646\u0627\u062a \u0627\u0644\u0627\u062a\u0635\u0627\u0644<\/strong>: \u0639\u0646\u0648\u0627\u0646 \u0627\u0644\u0628\u0631\u064a\u062f \u0627\u0644\u0625\u0644\u0643\u062a\u0631\u0648\u0646\u064a\u060c \u0631\u0642\u0645 \u0627\u0644\u0647\u0627\u062a\u0641\u060c \u0627\u0644\u0639\u0646\u0648\u0627\u0646 \u0627\u0644\u0628\u0631\u064a\u062f\u064a<\/li><li data-section-id=\"78bnfo\" data-start=\"689\" data-end=\"758\" class=\"translation-block\"><strong data-start=\"\u201d691\u201c\" data-end=\"\u201d714\u201c\">\u0628\u064a\u0627\u0646\u0627\u062a \u0627\u0644\u0637\u0644\u0628<\/strong>: \u0633\u062c\u0644 \u0627\u0644\u0645\u0634\u062a\u0631\u064a\u0627\u062a\u060c \u0627\u0644\u0645\u0646\u062a\u062c\u0627\u062a \u0627\u0644\u0645\u0637\u0644\u0648\u0628\u0629<\/li><li data-section-id=\"fpnzgi\" data-start=\"759\" data-end=\"828\" class=\"translation-block\"><strong data-start=\"\u201d761\u201c\" data-end=\"\u201d783\u201c\">\u0627\u0644\u0628\u064a\u0627\u0646\u0627\u062a \u0627\u0644\u0641\u0646\u064a\u0629<\/strong>: \u0639\u0646\u0648\u0627\u0646 IP\u060c \u0627\u0644\u0645\u062a\u0635\u0641\u062d\u060c \u0627\u0644\u062c\u0647\u0627\u0632 \u0627\u0644\u0645\u0633\u062a\u062e\u062f\u0645<\/li><\/ul><hr data-start=\"830\" data-end=\"833\" \/><h2 data-section-id=\"luox99\" data-start=\"835\" data-end=\"868\"><span role=\"text\"><strong data-start=\"838\" data-end=\"868\">3. \u0627\u0633\u062a\u062e\u062f\u0627\u0645 \u0627\u0644\u0628\u064a\u0627\u0646\u0627\u062a<\/strong><\/span><\/h2><p data-start=\"869\" data-end=\"913\">\u062a\u064f\u0633\u062a\u062e\u062f\u0645 \u0627\u0644\u0628\u064a\u0627\u0646\u0627\u062a \u0627\u0644\u062a\u064a \u062a\u0645 \u062c\u0645\u0639\u0647\u0627 \u0645\u0646 \u0623\u062c\u0644:<\/p><ul data-start=\"915\" data-end=\"1102\"><li data-section-id=\"1valf2x\" data-start=\"915\" data-end=\"950\">\u0645\u0639\u0627\u0644\u062c\u0629 \u0637\u0644\u0628\u0627\u062a\u0643 \u0648\u062a\u0633\u0644\u064a\u0645\u0647\u0627<\/li><li data-section-id=\"mduarx\" data-start=\"951\" data-end=\"999\">\u0625\u062f\u0627\u0631\u0629 \u0639\u0644\u0627\u0642\u0627\u062a \u0627\u0644\u0639\u0645\u0644\u0627\u0621 (\u0627\u0644\u062f\u0639\u0645\u060c \u0627\u0644\u0645\u0631\u062a\u062c\u0639\u0627\u062a...)<\/li><li data-section-id=\"1mqcupr\" data-start=\"1000\" data-end=\"1063\">\u0625\u0631\u0633\u0627\u0644 \u0631\u0633\u0627\u0626\u0644 \u0628\u0631\u064a\u062f \u0625\u0644\u0643\u062a\u0631\u0648\u0646\u064a (\u062a\u0623\u0643\u064a\u062f\u060c \u0645\u062a\u0627\u0628\u0639\u0629\u060c \u0639\u0631\u0648\u0636 \u0641\u064a \u062d\u0627\u0644\u0629 \u0627\u0644\u0642\u0628\u0648\u0644)<\/li><li data-section-id=\"bfoajw\" data-start=\"1064\" data-end=\"1102\">\u062a\u062d\u0633\u064a\u0646 \u062a\u062c\u0631\u0628\u0629 \u0627\u0644\u0645\u0633\u062a\u062e\u062f\u0645<\/li><\/ul><hr data-start=\"1104\" data-end=\"1107\" \/><h2 data-section-id=\"1oevtf1\" data-start=\"1109\" data-end=\"1138\"><span role=\"text\"><strong data-start=\"1112\" data-end=\"1138\">4. \u062a\u0628\u0627\u062f\u0644 \u0627\u0644\u0628\u064a\u0627\u0646\u0627\u062a<\/strong><\/span><\/h2><p data-start=\"1139\" data-end=\"1191\">\u064a\u0645\u0643\u0646 \u0645\u0634\u0627\u0631\u0643\u0629 \u0628\u064a\u0627\u0646\u0627\u062a\u0643 \u0641\u0642\u0637 \u0645\u0639:<\/p><ul data-start=\"1193\" data-end=\"1324\"><li data-section-id=\"1uingca\" data-start=\"1193\" data-end=\"1226\">\u0634\u0631\u0643\u0627\u062a \u0627\u0644\u0646\u0642\u0644 (\u0627\u0644\u062a\u0648\u0635\u064a\u0644)<\/li><li data-section-id=\"8zepa3\" data-start=\"1227\" data-end=\"1269\">\u0645\u0632\u0648\u062f\u064a \u062e\u062f\u0645\u0627\u062a \u0627\u0644\u062f\u0641\u0639 \u0627\u0644\u0622\u0645\u0646\u0629<\/li><li data-section-id=\"2p66su\" data-start=\"1270\" data-end=\"1324\">\u0623\u062f\u0648\u0627\u062a \u0627\u0644\u062a\u062d\u0644\u064a\u0644 (\u0645\u062b\u0644: \u0625\u062d\u0635\u0627\u0621\u0627\u062a \u0627\u0644\u0632\u064a\u0627\u0631\u0627\u062a)<\/li><\/ul><p data-start=\"1326\" data-end=\"1374\">\u0646\u062d\u0646 \u0644\u0627 \u0646\u0628\u064a\u0639 \u0628\u064a\u0627\u0646\u0627\u062a\u0643 \u0627\u0644\u0634\u062e\u0635\u064a\u0629 \u0623\u0628\u062f\u064b\u0627.<\/p><hr data-start=\"1376\" data-end=\"1379\" \/><h2 data-section-id=\"1qokrea\" data-start=\"1381\" data-end=\"1411\"><span role=\"text\"><strong data-start=\"1384\" data-end=\"1411\">5. S\u00e9curit\u00e9 des donn\u00e9es<\/strong><\/span><\/h2><p data-start=\"1412\" data-end=\"1515\">\u0646\u062d\u0646 \u0646\u0637\u0628\u0642 \u0625\u062c\u0631\u0627\u0621\u0627\u062a \u062a\u0642\u0646\u064a\u0629 \u0648\u062a\u0646\u0638\u064a\u0645\u064a\u0629 \u0644\u062d\u0645\u0627\u064a\u0629 \u0628\u064a\u0627\u0646\u0627\u062a\u0643 \u0645\u0646:<\/p><ul data-start=\"1516\" data-end=\"1572\"><li data-section-id=\"1wr6n5y\" data-start=\"1516\" data-end=\"1540\">\u0627\u0644\u0648\u0635\u0648\u0644 \u063a\u064a\u0631 \u0627\u0644\u0645\u0635\u0631\u062d \u0628\u0647<\/li><li data-section-id=\"dv13eb\" data-start=\"1541\" data-end=\"1553\">\u0627\u0644\u062e\u0633\u0627\u0631\u0629<\/li><li data-section-id=\"noxv8d\" data-start=\"1554\" data-end=\"1572\">\u0627\u0644\u0625\u0641\u0635\u0627\u062d<\/li><\/ul><p data-start=\"1574\" data-end=\"1654\">\u064a\u062a\u0645 \u062a\u0623\u0645\u064a\u0646 \u0639\u0645\u0644\u064a\u0627\u062a \u0627\u0644\u062f\u0641\u0639 \u0639\u0628\u0631 \u0645\u0646\u0635\u0627\u062a \u062e\u0627\u0631\u062c\u064a\u0629 (\u0645\u062b\u0644: Stripe \u0648PayPal).<\/p><hr data-start=\"1656\" data-end=\"1659\" \/><h2 data-section-id=\"9t147y\" data-start=\"1661\" data-end=\"1692\"><span role=\"text\"><strong data-start=\"1664\" data-end=\"1692\">6. \u0645\u062f\u0629 \u0627\u0644\u0635\u0644\u0627\u062d\u064a\u0629<\/strong><\/span><\/h2><p data-start=\"1693\" data-end=\"1760\">\u064a\u062a\u0645 \u0627\u0644\u0627\u062d\u062a\u0641\u0627\u0638 \u0628\u0628\u064a\u0627\u0646\u0627\u062a\u0643 \u0641\u0642\u0637 \u0644\u0644\u0641\u062a\u0631\u0629 \u0627\u0644\u0644\u0627\u0632\u0645\u0629 \u0645\u0646 \u0623\u062c\u0644:<\/p><ul data-start=\"1761\" data-end=\"1824\"><li data-section-id=\"2q33ni\" data-start=\"1761\" data-end=\"1786\">\u0645\u0639\u0627\u0644\u062c\u0629 \u0637\u0644\u0628\u0627\u062a\u0643\u0645<\/li><li data-section-id=\"3btoor\" data-start=\"1787\" data-end=\"1824\">\u0627\u0644\u0627\u0644\u062a\u0632\u0627\u0645 \u0628\u0627\u0644\u0627\u0644\u062a\u0632\u0627\u0645\u0627\u062a \u0627\u0644\u0642\u0627\u0646\u0648\u0646\u064a\u0629<\/li><\/ul><hr data-start=\"1826\" data-end=\"1829\" \/><h2 data-section-id=\"1tvun41\" data-start=\"1831\" data-end=\"1851\"><span role=\"text\"><strong data-start=\"1834\" data-end=\"1851\">7. \u062d\u0642\u0648\u0642\u0643<\/strong><\/span><\/h2><p data-start=\"1852\" data-end=\"1921\">\u0648\u0641\u0642\u064b\u0627 \u0644\u0644\u0648\u0627\u0626\u062d\u060c \u062a\u062a\u0645\u062a\u0639 \u0628\u0627\u0644\u062d\u0642\u0648\u0642 \u0627\u0644\u062a\u0627\u0644\u064a\u0629:<\/p><ul data-start=\"1923\" data-end=\"2053\"><li data-section-id=\"18lrd0t\" data-start=\"1923\" data-end=\"1948\">\u0627\u0644\u0648\u0635\u0648\u0644 \u0625\u0644\u0649 \u0628\u064a\u0627\u0646\u0627\u062a\u0643<\/li><li data-section-id=\"n6dgks\" data-start=\"1949\" data-end=\"1979\">\u062a\u0635\u062d\u064a\u062d \u0628\u064a\u0627\u0646\u0627\u062a\u0643<\/li><li data-section-id=\"1glfxrn\" data-start=\"1980\" data-end=\"2022\">\u0637\u0644\u0628 \u062d\u0630\u0641 \u0628\u064a\u0627\u0646\u0627\u062a\u0643<\/li><li data-section-id=\"1534ytm\" data-start=\"2023\" data-end=\"2053\">\u0627\u0644\u0627\u0639\u062a\u0631\u0627\u0636 \u0639\u0644\u0649 \u0627\u0644\u0645\u0639\u0627\u0644\u062c\u0629<\/li><\/ul><p data-start=\"2055\" data-end=\"2135\">\u064a\u0645\u0643\u0646\u0643 \u0645\u0645\u0627\u0631\u0633\u0629 \u0647\u0630\u0647 \u0627\u0644\u062d\u0642\u0648\u0642 \u0641\u064a \u0623\u064a \u0648\u0642\u062a \u0645\u0646 \u062e\u0644\u0627\u0644:<br data-start=\"2105\" data-end=\"2108\" \/>\ud83d\udce7 <strong data-start=\"2111\" data-end=\"2135\"><a class=\"decorated-link cursor-pointer\" rel=\"noopener\" data-start=\"2113\" data-end=\"2133\">m.alichraq@gmail.com<\/a><\/strong><\/p><hr data-start=\"2137\" data-end=\"2140\" \/><h2 data-section-id=\"g5bok\" data-start=\"2142\" data-end=\"2159\"><span role=\"text\"><strong data-start=\"2145\" data-end=\"2159\">8. \u0645\u0644\u0641\u0627\u062a \u062a\u0639\u0631\u064a\u0641 \u0627\u0644\u0627\u0631\u062a\u0628\u0627\u0637<\/strong><\/span><\/h2><p data-start=\"2160\" data-end=\"2194\">\u064a\u0633\u062a\u062e\u062f\u0645 \u0627\u0644\u0645\u0648\u0642\u0639 \u0645\u0644\u0641\u0627\u062a \u062a\u0639\u0631\u064a\u0641 \u0627\u0644\u0627\u0631\u062a\u0628\u0627\u0637 \u0645\u0646 \u0623\u062c\u0644:<\/p><ul data-start=\"2196\" data-end=\"2291\"><li data-section-id=\"1xsr4rs\" data-start=\"2196\" data-end=\"2237\">\u0636\u0645\u0627\u0646 \u062d\u0633\u0646 \u0633\u064a\u0631 \u0639\u0645\u0644 \u0627\u0644\u0645\u0648\u0642\u0639<\/li><li data-section-id=\"3ozphu\" data-start=\"2238\" data-end=\"2268\">\u062a\u062d\u0633\u064a\u0646 \u062a\u062c\u0631\u0628\u0629 \u062a\u0635\u0641\u062d\u0643<\/li><li data-section-id=\"13hpmgl\" data-start=\"2269\" data-end=\"2291\">\u062a\u062d\u0644\u064a\u0644 \u062d\u0631\u0643\u0629 \u0627\u0644\u0645\u0631\u0648\u0631<\/li><\/ul><p data-start=\"2293\" data-end=\"2370\">\u064a\u0645\u0643\u0646\u0643 \u0642\u0628\u0648\u0644 \u0645\u0644\u0641\u0627\u062a \u062a\u0639\u0631\u064a\u0641 \u0627\u0644\u0627\u0631\u062a\u0628\u0627\u0637 \u0623\u0648 \u0631\u0641\u0636\u0647\u0627 \u0645\u0646 \u062e\u0644\u0627\u0644 \u0627\u0644\u0634\u0631\u064a\u0637 \u0627\u0644\u0645\u062e\u0635\u0635 \u0644\u0647\u0630\u0627 \u0627\u0644\u063a\u0631\u0636.<\/p><hr data-start=\"2372\" data-end=\"2375\" \/><h2 data-section-id=\"1w5h4nz\" data-start=\"2377\" data-end=\"2400\"><span role=\"text\"><strong data-start=\"2380\" data-end=\"2400\">9. \u0627\u0644\u062a\u0639\u062f\u064a\u0644\u0627\u062a<\/strong><\/span><\/h2><p data-start=\"2401\" data-end=\"2499\">\u064a\u0645\u0643\u0646 \u062a\u0639\u062f\u064a\u0644 \u0647\u0630\u0647 \u0627\u0644\u0633\u064a\u0627\u0633\u0629 \u0641\u064a \u0623\u064a \u0648\u0642\u062a.<br data-start=\"2450\" data-end=\"2453\" \/>\u0633\u064a\u062a\u0645 \u0646\u0634\u0631 \u0627\u0644\u062a\u063a\u064a\u064a\u0631\u0627\u062a \u0639\u0644\u0649 \u0647\u0630\u0647 \u0627\u0644\u0635\u0641\u062d\u0629.<\/p><hr data-start=\"2501\" data-end=\"2504\" \/><h2 data-section-id=\"b796x6\" data-start=\"2506\" data-end=\"2524\"><span role=\"text\"><strong data-start=\"2509\" data-end=\"2524\">10. \u0627\u0644\u0627\u062a\u0635\u0627\u0644<\/strong><\/span><\/h2><p data-start=\"2525\" data-end=\"2584\">\u0644\u0623\u064a\u0629 \u0627\u0633\u062a\u0641\u0633\u0627\u0631\u0627\u062a \u062a\u062a\u0639\u0644\u0642 \u0628\u0628\u064a\u0627\u0646\u0627\u062a\u0643 \u0627\u0644\u0634\u062e\u0635\u064a\u0629:<\/p><p data-start=\"2586\" data-end=\"2613\">\ud83d\udce7 <strong data-start=\"2589\" data-end=\"2613\"><a class=\"decorated-link cursor-pointer\" rel=\"noopener\" data-start=\"2591\" data-end=\"2611\">m.alichraq@gmail.com<\/a><\/strong><\/p>\t\t\t\t\t\t\t\t<\/div>\n\t\t\t\t<\/div>\n\t\t\t\t\t<\/div>\n\t\t\t\t<\/div>\n\t\t\t\t<\/div>","protected":false},"excerpt":{"rendered":"<p>Politique de Confidentialit\u00e9 1. Introduction La pr\u00e9sente Politique de Confidentialit\u00e9 d\u00e9crit la mani\u00e8re dont Maktaba Al-Ichraq collecte, utilise et prot\u00e8ge les donn\u00e9es personnelles des utilisateurs du site :www.maktabaal-ichraq.com Nous nous engageons \u00e0 assurer la protection et la confidentialit\u00e9 de vos donn\u00e9es conform\u00e9ment \u00e0 la r\u00e9glementation en vigueur. 2. Donn\u00e9es collect\u00e9es Nous pouvons collecter les informations [&hellip;]<\/p>\n","protected":false},"author":1,"featured_media":0,"parent":0,"menu_order":0,"comment_status":"closed","ping_status":"closed","template":"","meta":{"inline_featured_image":false,"footnotes":""},"class_list":["post-8519","page","type-page","status-publish","hentry"],"_links":{"self":[{"href":"https:\/\/maktabaal.carre.agency\/ar\/wp-json\/wp\/v2\/pages\/8519","targetHints":{"allow":["GET"]}}],"collection":[{"href":"https:\/\/maktabaal.carre.agency\/ar\/wp-json\/wp\/v2\/pages"}],"about":[{"href":"https:\/\/maktabaal.carre.agency\/ar\/wp-json\/wp\/v2\/types\/page"}],"author":[{"embeddable":true,"href":"https:\/\/maktabaal.carre.agency\/ar\/wp-json\/wp\/v2\/users\/1"}],"replies":[{"embeddable":true,"href":"https:\/\/maktabaal.carre.agency\/ar\/wp-json\/wp\/v2\/comments?post=8519"}],"version-history":[{"count":4,"href":"https:\/\/maktabaal.carre.agency\/ar\/wp-json\/wp\/v2\/pages\/8519\/revisions"}],"predecessor-version":[{"id":8550,"href":"https:\/\/maktabaal.carre.agency\/ar\/wp-json\/wp\/v2\/pages\/8519\/revisions\/8550"}],"wp:attachment":[{"href":"https:\/\/maktabaal.carre.agency\/ar\/wp-json\/wp\/v2\/media?parent=8519"}],"curies":[{"name":"wp","href":"https:\/\/api.w.org\/{rel}","templated":true}]}}