{"id":8517,"date":"2026-03-25T14:41:21","date_gmt":"2026-03-25T14:41:21","guid":{"rendered":"https:\/\/maktabaal.carre.agency\/?page_id=8517"},"modified":"2026-03-30T15:38:27","modified_gmt":"2026-03-30T15:38:27","slug":"retours-et-remboursements","status":"publish","type":"page","link":"https:\/\/maktabaal.carre.agency\/ar\/retours-et-remboursements\/","title":{"rendered":"\u0627\u0644\u0625\u0631\u062c\u0627\u0639 \u0648\u0627\u0633\u062a\u0631\u062f\u0627\u062f \u0627\u0644\u0623\u0645\u0648\u0627\u0644"},"content":{"rendered":"\t\t<div data-elementor-type=\"wp-page\" data-elementor-id=\"8517\" class=\"elementor elementor-8517\">\n\t\t\t\t<div class=\"elementor-element elementor-element-7f3ea8a cgv e-flex e-con-boxed e-con e-parent\" data-id=\"7f3ea8a\" data-element_type=\"container\" data-e-type=\"container\">\n\t\t\t\t\t<div class=\"e-con-inner\">\n\t\t<div class=\"elementor-element elementor-element-bd55d1e e-con-full e-flex e-con e-child\" data-id=\"bd55d1e\" data-element_type=\"container\" data-e-type=\"container\">\n\t\t\t\t<div class=\"elementor-element elementor-element-f6d5c46 elementor-widget elementor-widget-text-editor\" data-id=\"f6d5c46\" data-element_type=\"widget\" data-e-type=\"widget\" data-widget_type=\"text-editor.default\">\n\t\t\t\t\t\t\t\t\t<h1 data-section-id=\"3fls8\" data-start=\"113\" data-end=\"144\"><span role=\"text\"><strong data-start=\"115\" data-end=\"144\">Retours et Remboursements<\/strong><\/span><\/h1><p><span style=\"font-weight: 400;\">L\u2019acheteur dispose d\u2019un d\u00e9lai de 14 jours calendaires \u00e0 compter de la r\u00e9ception de la commande pour exercer son droit de r\u00e9tractation.<\/span><\/p><p><span style=\"font-weight: 400;\">Le produit doit \u00eatre retourn\u00e9 en parfait \u00e9tat, complet, non usag\u00e9 et dans son emballage d\u2019origine. Les produits retourn\u00e9s incomplets, ab\u00eem\u00e9s, endommag\u00e9s ou us\u00e9s ne sont ni repris ni rembours\u00e9s.<\/span><\/p><p><span style=\"font-weight: 400;\">Les frais de retour sont \u00e0 la charge de l\u2019acheteur. Le remboursement des produits retourn\u00e9s sera effectu\u00e9 dans un d\u00e9lai de 14 jours apr\u00e8s r\u00e9ception des articles et sera effectu\u00e9 via le m\u00eame moyen de paiement utilis\u00e9 lors de la commande, sauf accord contraire. Nous recommandons \u00e0 l\u2019acheteur d\u2019utiliser un service de livraison avec suivi pour tout retour. La responsabilit\u00e9 en cas de perte ou de dommage pendant le transport de retour incombe \u00e0 l\u2019acheteur.<\/span><\/p><p><span style=\"font-weight: 400;\">En cas de demande d\u2019\u00e9change, l\u2019acheteur peut choisir un produit \u00e9quivalent en stock. Si le produit de remplacement est d\u2019un montant sup\u00e9rieur, la diff\u00e9rence sera factur\u00e9e. Les frais de livraison seront \u00e9galement factur\u00e9s \u00e0 l\u2019acheteur.<\/span><\/p><p><span style=\"font-weight: 400;\">En cas de produit d\u00e9fectueux ou endommag\u00e9 (sauf si cela est le r\u00e9sultat du fait du transporteur), l\u2019acheteur doit signaler le probl\u00e8me dans un d\u00e9lai de 3 jours apr\u00e8s r\u00e9ception. Apr\u00e8s validation de la r\u00e9clamation, les frais de retour et de remplacement seront pris en charge par nous-m\u00eame.<\/span><\/p><p><span style=\"font-weight: 400;\">Les achats r\u00e9gl\u00e9s, en tout ou partie, avec une carte cadeau ne donnent droit \u00e0 aucun remboursement en num\u00e9raire ou par tout autre moyen de paiement en cas de r\u00e9tractation. En cas d\u2019exercice du droit de r\u00e9tractation pour un produit ou un service pay\u00e9 \u00e0 l\u2019aide d\u2019une carte cadeau, un avoir \u00e9quivalent au montant utilis\u00e9 sera cr\u00e9dit\u00e9 sur une nouvelle carte cadeau ou sur le solde existant. Ce cr\u00e9dit sera soumis aux m\u00eames conditions d\u2019utilisation que la carte cadeau initiale.<\/span><\/p><h2><span style=\"font-weight: 400;\">Formulaire de r\u00e9tractation\u00a0:<\/span><\/h2><p><b>\u00c0 l\u2019attention de :<\/b><span style=\"font-weight: 400;\"><br \/><\/span><span style=\"font-weight: 400;\">Maktaba Ichraq<\/span><span style=\"font-weight: 400;\"><br \/><\/span><span style=\"font-weight: 400;\">m.alichraq@gmail.com<\/span><\/p><p><b>Objet : R\u00e9tractation de commande<\/b><\/p><p><span style=\"font-weight: 400;\">Je vous notifie par la pr\u00e9sente ma r\u00e9tractation du contrat portant sur la vente du produit ou service ci-dessous :<\/span><\/p><ul><li style=\"font-weight: 400;\" aria-level=\"1\"><span style=\"font-weight: 400;\">Commande n\u00b0 : [Num\u00e9ro de commande]<\/span><\/li><li style=\"font-weight: 400;\" aria-level=\"1\"><span style=\"font-weight: 400;\">Date de commande : [Date]<\/span><\/li><li style=\"font-weight: 400;\" aria-level=\"1\"><span style=\"font-weight: 400;\">Date de r\u00e9ception : [Date]<\/span><\/li><li style=\"font-weight: 400;\" aria-level=\"1\"><span style=\"font-weight: 400;\">Nom du consommateur : [Nom complet]<\/span><\/li><li style=\"font-weight: 400;\" aria-level=\"1\"><span style=\"font-weight: 400;\">Adresse de livraison : [Adresse compl\u00e8te]<\/span><\/li><li style=\"font-weight: 400;\" aria-level=\"1\"><span style=\"font-weight: 400;\">D\u00e9tails du produit ou service concern\u00e9 : [Description pr\u00e9cise du ou des produits\/services concern\u00e9s]<\/span><\/li><li style=\"font-weight: 400;\" aria-level=\"1\"><span style=\"font-weight: 400;\">Motif de r\u00e9tractation (facultatif)\u00a0: [Pr\u00e9ciser, si vous le souhaitez]<\/span><\/li><\/ul><p><b>Date :<\/b><span style=\"font-weight: 400;\">\u00a0[Date]<\/span><span style=\"font-weight: 400;\"><br \/><\/span><b>Nom du consommateur<\/b><span style=\"font-weight: 400;\">\u00a0: [Nom complet]<\/span><\/p>\t\t\t\t\t\t\t\t<\/div>\n\t\t\t\t<\/div>\n\t\t\t\t\t<\/div>\n\t\t\t\t<\/div>\n\t\t\t\t<\/div>\n\t\t","protected":false},"excerpt":{"rendered":"<p>Retours et Remboursements L\u2019acheteur dispose d\u2019un d\u00e9lai de 14 jours calendaires \u00e0 compter de la r\u00e9ception de la commande pour exercer son droit de r\u00e9tractation. Le produit doit \u00eatre retourn\u00e9 en parfait \u00e9tat, complet, non usag\u00e9 et dans son emballage d\u2019origine. Les produits retourn\u00e9s incomplets, ab\u00eem\u00e9s, endommag\u00e9s ou us\u00e9s ne sont ni repris ni rembours\u00e9s. [&hellip;]<\/p>\n","protected":false},"author":1,"featured_media":0,"parent":0,"menu_order":0,"comment_status":"closed","ping_status":"closed","template":"","meta":{"inline_featured_image":false,"footnotes":""},"class_list":["post-8517","page","type-page","status-publish","hentry"],"_links":{"self":[{"href":"https:\/\/maktabaal.carre.agency\/ar\/wp-json\/wp\/v2\/pages\/8517","targetHints":{"allow":["GET"]}}],"collection":[{"href":"https:\/\/maktabaal.carre.agency\/ar\/wp-json\/wp\/v2\/pages"}],"about":[{"href":"https:\/\/maktabaal.carre.agency\/ar\/wp-json\/wp\/v2\/types\/page"}],"author":[{"embeddable":true,"href":"https:\/\/maktabaal.carre.agency\/ar\/wp-json\/wp\/v2\/users\/1"}],"replies":[{"embeddable":true,"href":"https:\/\/maktabaal.carre.agency\/ar\/wp-json\/wp\/v2\/comments?post=8517"}],"version-history":[{"count":7,"href":"https:\/\/maktabaal.carre.agency\/ar\/wp-json\/wp\/v2\/pages\/8517\/revisions"}],"predecessor-version":[{"id":8727,"href":"https:\/\/maktabaal.carre.agency\/ar\/wp-json\/wp\/v2\/pages\/8517\/revisions\/8727"}],"wp:attachment":[{"href":"https:\/\/maktabaal.carre.agency\/ar\/wp-json\/wp\/v2\/media?parent=8517"}],"curies":[{"name":"wp","href":"https:\/\/api.w.org\/{rel}","templated":true}]}}