{"id":8515,"date":"2026-03-25T14:40:50","date_gmt":"2026-03-25T14:40:50","guid":{"rendered":"https:\/\/maktabaal.carre.agency\/?page_id=8515"},"modified":"2026-03-30T15:37:31","modified_gmt":"2026-03-30T15:37:31","slug":"informations-de-livraison","status":"publish","type":"page","link":"https:\/\/maktabaal.carre.agency\/ar\/informations-de-livraison\/","title":{"rendered":"\u0645\u0639\u0644\u0648\u0645\u0627\u062a \u0627\u0644\u062a\u0633\u0644\u064a\u0645"},"content":{"rendered":"<div data-elementor-type=\"wp-page\" data-elementor-id=\"8515\" class=\"elementor elementor-8515\">\n\t\t\t\t<div class=\"elementor-element elementor-element-f24a62f cgv e-flex e-con-boxed e-con e-parent\" data-id=\"f24a62f\" data-element_type=\"container\" data-e-type=\"container\">\n\t\t\t\t\t<div class=\"e-con-inner\">\n\t\t<div class=\"elementor-element elementor-element-62f5b01 e-con-full e-flex e-con e-child\" data-id=\"62f5b01\" data-element_type=\"container\" data-e-type=\"container\">\n\t\t\t\t<div class=\"elementor-element elementor-element-7ae3205 elementor-widget elementor-widget-text-editor\" data-id=\"7ae3205\" data-element_type=\"widget\" data-e-type=\"widget\" data-widget_type=\"text-editor.default\">\n\t\t\t\t\t\t\t\t\t<h1 data-section-id=\"lnmdc3\" data-start=\"96\" data-end=\"127\"><span role=\"text\"><strong data-start=\"98\" data-end=\"127\">\u0645\u0639\u0644\u0648\u0645\u0627\u062a \u0627\u0644\u062a\u0633\u0644\u064a\u0645<\/strong><\/span><\/h1><p><span style=\"font-weight: 400;\">\u064a\u062a\u0645 \u0634\u062d\u0646 \u0627\u0644\u0637\u0644\u0628\u0627\u062a \u0639\u0628\u0631 \u0645\u0646\u0635\u0629 Boxtal\u060c \u0627\u0644\u062a\u064a \u062a\u0648\u0641\u0631 \u0645\u062c\u0645\u0648\u0639\u0629 \u0645\u062e\u062a\u0627\u0631\u0629 \u0645\u0646 \u0634\u0631\u0643\u0627\u062a \u0627\u0644\u0634\u062d\u0646 \u0627\u0644\u0645\u062d\u062a\u0631\u0641\u0629 (Colissimo\u060c Chronopost\u060c UPS\u060c Mondial Relay\u060c \u0648\u063a\u064a\u0631\u0647\u0627).<\/span><\/p><p><span style=\"font-weight: 400;\">\u0628\u0639\u062f \u0627\u0644\u0634\u062d\u0646\u060c \u064a\u062a\u0644\u0642\u0649 \u0627\u0644\u0645\u0634\u062a\u0631\u064a \u0631\u0633\u0627\u0644\u0629 \u0628\u0631\u064a\u062f \u0625\u0644\u0643\u062a\u0631\u0648\u0646\u064a \u062a\u062d\u062a\u0648\u064a \u0639\u0644\u0649 \u0631\u0627\u0628\u0637 \u0644\u0644\u062a\u062a\u0628\u0639 \u064a\u062a\u064a\u062d \u0644\u0647 \u0645\u062a\u0627\u0628\u0639\u0629 \u0645\u0633\u0627\u0631 \u0627\u0644\u0634\u062d\u0646\u0629 \u0641\u064a \u0627\u0644\u0648\u0642\u062a \u0627\u0644\u0641\u0639\u0644\u064a.<\/span><\/p><p><span style=\"font-weight: 400;\">\u062a\u062e\u062a\u0644\u0641 \u0645\u062f\u0629 \u0627\u0644\u062a\u0633\u0644\u064a\u0645 \u0628\u0627\u062e\u062a\u0644\u0627\u0641 \u0634\u0631\u0643\u0629 \u0627\u0644\u0634\u062d\u0646 \u0648\u0637\u0631\u064a\u0642\u0629 \u0627\u0644\u062a\u0633\u0644\u064a\u0645 \u0627\u0644\u0645\u062e\u062a\u0627\u0631\u0629. \u0648\u062a\u064f\u0642\u062f\u0645 \u0647\u0630\u0647 \u0627\u0644\u0645\u062f\u062f \u0639\u0644\u0649 \u0633\u0628\u064a\u0644 \u0627\u0644\u0625\u0631\u0634\u0627\u062f \u0641\u0642\u0637 \u0648\u0644\u0627 \u062a\u064f\u0639\u062f \u0645\u0636\u0645\u0648\u0646\u0629 \u0628\u0623\u064a \u0634\u0643\u0644 \u0645\u0646 \u0627\u0644\u0623\u0634\u0643\u0627\u0644. \u0648\u0628\u0627\u0644\u062a\u0627\u0644\u064a\u060c \u0641\u0625\u0646 \u0623\u064a \u062a\u0623\u062e\u064a\u0631 \u0645\u0639\u0642\u0648\u0644 \u0641\u064a \u062a\u0633\u0644\u064a\u0645 \u0627\u0644\u0645\u0646\u062a\u062c\u0627\u062a \u0644\u0627 \u064a\u0645\u0646\u062d \u0627\u0644\u0645\u0634\u062a\u0631\u064a \u0627\u0644\u062d\u0642 \u0641\u064a \u0627\u0644\u0645\u0637\u0627\u0644\u0628\u0629 \u0628\u062a\u0639\u0648\u064a\u0636\u0627\u062a \u0623\u0648 \u0625\u0644\u063a\u0627\u0621 \u0627\u0644\u0637\u0644\u0628. \u0643\u0645\u0627 \u0623\u0646\u0646\u0627 \u0644\u0627 \u0646\u062a\u062d\u0645\u0644 \u0623\u064a \u0645\u0633\u0624\u0648\u0644\u064a\u0629 \u0641\u064a \u062d\u0627\u0644\u0629 \u062d\u062f\u0648\u062b \u062a\u0623\u062e\u064a\u0631 \u064a\u0639\u0632\u0649 \u0625\u0644\u0649 \u0634\u0631\u0643\u0629 \u0627\u0644\u0634\u062d\u0646.<\/span><\/p><p><span style=\"font-weight: 400;\">\u064a\u062a\u0645 \u062a\u0633\u0644\u064a\u0645 \u0627\u0644\u0645\u0646\u062a\u062c\u0627\u062a \u0625\u0644\u0649 \u0627\u0644\u0639\u0646\u0648\u0627\u0646 \u0627\u0644\u0630\u064a \u064a\u062d\u062f\u062f\u0647 \u0627\u0644\u0645\u0634\u062a\u0631\u064a \u0639\u0646\u062f \u0625\u062c\u0631\u0627\u0621 \u0627\u0644\u0637\u0644\u0628. \u064a\u0642\u0639 \u0639\u0644\u0649 \u0639\u0627\u062a\u0642 \u0627\u0644\u0645\u0634\u062a\u0631\u064a \u0627\u0644\u062a\u0623\u0643\u062f \u0645\u0646 \u0635\u062d\u0629 \u0627\u0644\u0645\u0639\u0644\u0648\u0645\u0627\u062a \u0627\u0644\u0645\u0642\u062f\u0645\u0629. \u064a\u062c\u0628 \u0623\u0646 \u064a\u0643\u0648\u0646 \u0639\u0646\u0648\u0627\u0646 \u0627\u0644\u062a\u0633\u0644\u064a\u0645 \u0645\u0637\u0627\u0628\u0642\u064b\u0627 \u0644\u0644\u0645\u0639\u0627\u064a\u064a\u0631 \u0627\u0644\u0628\u0631\u064a\u062f\u064a\u0629\u060c \u0648\u062f\u0642\u064a\u0642\u064b\u0627 \u0648\u0643\u0627\u0645\u0644\u0627\u064b. \u0641\u064a \u062d\u0627\u0644\u0629 \u0648\u062c\u0648\u062f \u062e\u0637\u0623 \u0641\u064a \u0627\u0644\u0639\u0646\u0648\u0627\u0646\u060c \u064a\u062a\u062d\u0645\u0644 \u0627\u0644\u0645\u0634\u062a\u0631\u064a \u062a\u0643\u0627\u0644\u064a\u0641 \u0625\u0639\u0627\u062f\u0629 \u0627\u0644\u0634\u062d\u0646. \u0646\u0631\u062c\u0648 \u0645\u0646 \u0627\u0644\u0645\u0634\u062a\u0631\u064a \u0627\u0644\u0627\u062a\u0635\u0627\u0644 \u0628\u0646\u0627 \u0639\u0644\u0649 \u0627\u0644\u0641\u0648\u0631 \u0644\u0625\u062c\u0631\u0627\u0621 \u0623\u064a \u062a\u0635\u062d\u064a\u062d. \u0633\u064a\u062a\u0645 \u0623\u062e\u0630 \u0647\u0630\u0647 \u0627\u0644\u062a\u0635\u062d\u064a\u062d\u0627\u062a \u0641\u064a \u0627\u0644\u0627\u0639\u062a\u0628\u0627\u0631 \u0637\u0627\u0644\u0645\u0627 \u0644\u0645 \u064a\u062a\u0645 \u062a\u0633\u0644\u064a\u0645 \u0627\u0644\u0637\u0644\u0628 \u0625\u0644\u0649 \u0634\u0631\u0643\u0629 \u0627\u0644\u062a\u0648\u0635\u064a\u0644. \u0644\u0627 \u064a\u062a\u0645 \u0623\u062e\u0630 \u0623\u064a \u0639\u0646\u0648\u0627\u0646 \u062b\u0627\u0646\u0648\u064a \u0623\u0648 \u0639\u0646\u0648\u0627\u0646 \u0634\u062e\u0635 \u062b\u0627\u0644\u062b \u064a\u062a\u0645 \u0627\u0644\u0625\u0628\u0644\u0627\u063a \u0639\u0646\u0647 \u0628\u0634\u0643\u0644 \u0625\u0636\u0627\u0641\u064a \u0641\u064a \u0631\u0633\u0627\u0626\u0644 \u0627\u0644\u0639\u0645\u064a\u0644 \u0628\u0639\u064a\u0646 \u0627\u0644\u0627\u0639\u062a\u0628\u0627\u0631.<\/span><\/p><p><span style=\"font-weight: 400;\">\u0628\u0627\u0644\u0646\u0633\u0628\u0629 \u0644\u0644\u0634\u062d\u0646\u0627\u062a \u062e\u0627\u0631\u062c \u0641\u0631\u0646\u0633\u0627 \u0627\u0644\u0642\u0627\u0631\u064a\u0629\u060c \u064a\u062a\u062d\u0645\u0644 \u0627\u0644\u0645\u0634\u062a\u0631\u064a \u0628\u0627\u0644\u0643\u0627\u0645\u0644 \u062f\u0641\u0639 \u0636\u0631\u064a\u0628\u0629 \u0627\u0644\u0642\u064a\u0645\u0629 \u0627\u0644\u0645\u0636\u0627\u0641\u0629 (\u0625\u0646 \u0648\u062c\u062f\u062a)\u060c \u0648\u0627\u0644\u0636\u0631\u0627\u0626\u0628 \u0648\u0631\u0633\u0648\u0645 \u0627\u0644\u062a\u0635\u062f\u064a\u0631\u060c \u0648\u062c\u0645\u064a\u0639 \u0631\u0633\u0648\u0645 \u0627\u0644\u0645\u0639\u0627\u0644\u062c\u0629 \u0627\u0644\u0645\u062a\u0639\u0644\u0642\u0629 \u0628\u0627\u0644\u0634\u0631\u0627\u0621. \u0644\u0627 \u064a\u0644\u062a\u0632\u0645 \u0627\u0644\u0628\u0627\u0626\u0639 \u0628\u0627\u0644\u062a\u062d\u0642\u0642 \u0645\u0646 \u0627\u0644\u0631\u0633\u0648\u0645 \u0627\u0644\u062c\u0645\u0631\u0643\u064a\u0629 \u0648\u0627\u0644\u0636\u0631\u0627\u0626\u0628 \u0627\u0644\u0645\u0637\u0628\u0642\u0629 \u0627\u0644\u0645\u062d\u062a\u0645\u0644\u0629 \u0648\u0625\u0628\u0644\u0627\u063a \u0627\u0644\u0645\u0634\u062a\u0631\u064a \u0628\u0647\u0627. \u0644\u0645\u0639\u0631\u0641\u0629 \u0647\u0630\u0647 \u0627\u0644\u0631\u0633\u0648\u0645 \u0648\u0627\u0644\u0636\u0631\u0627\u0626\u0628\u060c \u0646\u0646\u0635\u062d \u0627\u0644\u0645\u0634\u062a\u0631\u064a \u0628\u0627\u0644\u0627\u0633\u062a\u0641\u0633\u0627\u0631 \u0645\u0646 \u0627\u0644\u0633\u0644\u0637\u0627\u062a \u0627\u0644\u0645\u062e\u062a\u0635\u0629 \u0641\u064a \u0628\u0644\u062f\u0647.<\/span><\/p><p><span style=\"font-weight: 400;\">\u064a\u062a\u0645 \u0627\u062d\u062a\u0633\u0627\u0628 \u0631\u0633\u0648\u0645 \u0627\u0644\u062a\u0648\u0635\u064a\u0644 \u062a\u0644\u0642\u0627\u0626\u064a\u064b\u0627 \u0639\u0644\u0649 \u0627\u0644\u0645\u0648\u0642\u0639 \u0628\u0646\u0627\u0621\u064b \u0639\u0644\u0649 \u0648\u0632\u0646 \u0627\u0644\u0637\u0631\u062f \u0648\u0623\u0628\u0639\u0627\u062f\u0647\u060c \u0648\u0639\u0646\u0648\u0627\u0646 \u0627\u0644\u062a\u0648\u0635\u064a\u0644\u060c \u0648\u0637\u0631\u064a\u0642\u0629 \u0627\u0644\u0646\u0642\u0644 \u0627\u0644\u0645\u062e\u062a\u0627\u0631\u0629.<\/span><\/p><p><span style=\"font-weight: 400;\">\u0625\u0630\u0627 \u062a\u062c\u0627\u0648\u0632\u062a \u0645\u062f\u0629 \u0627\u0644\u062a\u0633\u0644\u064a\u0645 30 \u064a\u0648\u0645\u064b\u0627 (\u0628\u0627\u0633\u062a\u062b\u0646\u0627\u0621 \u062d\u0627\u0644\u0627\u062a \u0627\u0644\u0642\u0648\u0629 \u0627\u0644\u0642\u0627\u0647\u0631\u0629) \u0628\u0639\u062f \u0627\u0644\u0634\u062d\u0646\u060c \u064a\u062d\u0642 \u0644\u0644\u0645\u0634\u062a\u0631\u064a \u0627\u0644\u0645\u0637\u0627\u0644\u0628\u0629 \u0628\u0627\u0633\u062a\u0631\u062f\u0627\u062f \u0643\u0627\u0645\u0644 \u0642\u064a\u0645\u0629 \u0637\u0644\u0628\u0647 \u0623\u0648 \u0628\u0625\u0639\u0627\u062f\u0629 \u0634\u062d\u0646 \u0627\u0644\u0645\u0646\u062a\u062c\u0627\u062a.<\/span><\/p><p><span style=\"font-weight: 400;\">\u0639\u0646\u062f \u0627\u0633\u062a\u0644\u0627\u0645 \u0627\u0644\u0637\u0631\u062f\u060c \u064a\u062c\u0628 \u0639\u0644\u0649 \u0627\u0644\u0645\u0634\u062a\u0631\u064a \u0627\u0644\u062a\u062d\u0642\u0642 \u0645\u0646 \u062d\u0627\u0644\u0629 \u0627\u0644\u0639\u0628\u0648\u0629 \u0648\u0627\u0644\u0645\u062d\u062a\u0648\u064a\u0627\u062a \u0628\u062d\u0636\u0648\u0631 \u0645\u0648\u0638\u0641 \u0627\u0644\u062a\u0648\u0635\u064a\u0644 \u0623\u0648 \u0639\u0646\u062f \u0627\u0644\u0627\u0633\u062a\u0644\u0627\u0645 \u0645\u0646 \u0646\u0642\u0637\u0629 \u0627\u0644\u062a\u0633\u0644\u064a\u0645. \u0641\u064a \u062d\u0627\u0644\u0629 \u0645\u0644\u0627\u062d\u0638\u0629 \u0623\u064a \u062a\u0644\u0641\u060c \u064a\u062c\u0628 \u0639\u0644\u0649 \u0627\u0644\u0645\u0634\u062a\u0631\u064a \u0631\u0641\u0636 \u0627\u0633\u062a\u0644\u0627\u0645 \u0627\u0644\u0637\u0631\u062f \u0623\u0648 \u062a\u0642\u062f\u064a\u0645 \u0627\u062d\u062a\u062c\u0627\u062c \u062e\u0637\u064a \u0625\u0644\u0649 \u0634\u0631\u0643\u0629 \u0627\u0644\u0646\u0642\u0644. \u0646\u062d\u0646 \u0646\u062e\u0644\u064a \u0645\u0633\u0624\u0648\u0644\u064a\u062a\u0646\u0627 \u0639\u0646 \u0623\u064a \u0623\u0636\u0631\u0627\u0631 \u063a\u064a\u0631 \u0645\u0628\u0627\u0634\u0631\u0629 \u0628\u0645\u062c\u0631\u062f \u0642\u0628\u0648\u0644 \u0627\u0644\u0645\u0634\u062a\u0631\u064a \u0644\u0644\u0637\u0631\u062f. \u0641\u064a \u062d\u0627\u0644\u0629 \u062d\u062f\u0648\u062b \u062a\u0644\u0641 \u0623\u062b\u0646\u0627\u0621 \u0627\u0644\u0646\u0642\u0644\u060c \u064a\u062c\u0628 \u062a\u0642\u062f\u064a\u0645 \u0623\u064a \u0627\u062d\u062a\u062c\u0627\u062c \u0625\u0644\u0649 \u0634\u0631\u0643\u0629 \u0627\u0644\u0646\u0642\u0644 \u0641\u064a \u063a\u0636\u0648\u0646 \u0627\u0644\u0645\u062f\u0629 \u0627\u0644\u0645\u062d\u062f\u062f\u0629 \u0639\u0644\u0649 \u0645\u0648\u0642\u0639\u0647\u0627 \u0627\u0644\u0625\u0644\u0643\u062a\u0631\u0648\u0646\u064a.<\/span><\/p><p><span style=\"font-weight: 400;\">\u0641\u064a \u062d\u0627\u0644\u0629 \u0646\u0633\u064a\u0627\u0646\u0646\u0627 \u0625\u0636\u0627\u0641\u0629 \u0623\u062d\u062f \u0627\u0644\u0645\u0646\u062a\u062c\u0627\u062a \u0625\u0644\u0649 \u0637\u0631\u062f\u0643 \u0639\u0646 \u063a\u064a\u0631 \u0642\u0635\u062f\u060c \u0633\u0646\u0642\u0648\u0645 \u0628\u0631\u062f \u0642\u064a\u0645\u0629 \u0627\u0644\u0645\u0646\u062a\u062c \u0627\u0644\u0645\u0641\u0642\u0648\u062f \u0625\u0644\u064a\u0643 \u0623\u0648 \u0628\u0625\u0639\u0627\u062f\u0629 \u0625\u0631\u0633\u0627\u0644 \u0627\u0644\u0645\u0646\u062a\u062c \u0625\u0644\u064a\u0643.<\/span><\/p>\t\t\t\t\t\t\t\t<\/div>\n\t\t\t\t<\/div>\n\t\t\t\t\t<\/div>\n\t\t\t\t<\/div>\n\t\t\t\t<\/div>","protected":false},"excerpt":{"rendered":"<p>Informations de livraison Les commandes sont exp\u00e9di\u00e9es via la plateforme Boxtal, qui propose une s\u00e9lection de transporteurs professionnels (Colissimo, Chronopost, UPS, Mondial Relay, etc.). Apr\u00e8s exp\u00e9dition, l\u2019acheteur re\u00e7oit un e-mail contenant un lien de suivi qui permet de suivre l\u2019avancement de la livraison en temps r\u00e9el. Les d\u00e9lais de livraison varient en fonction du transporteur [&hellip;]<\/p>\n","protected":false},"author":1,"featured_media":0,"parent":0,"menu_order":0,"comment_status":"closed","ping_status":"closed","template":"","meta":{"inline_featured_image":false,"footnotes":""},"class_list":["post-8515","page","type-page","status-publish","hentry"],"_links":{"self":[{"href":"https:\/\/maktabaal.carre.agency\/ar\/wp-json\/wp\/v2\/pages\/8515","targetHints":{"allow":["GET"]}}],"collection":[{"href":"https:\/\/maktabaal.carre.agency\/ar\/wp-json\/wp\/v2\/pages"}],"about":[{"href":"https:\/\/maktabaal.carre.agency\/ar\/wp-json\/wp\/v2\/types\/page"}],"author":[{"embeddable":true,"href":"https:\/\/maktabaal.carre.agency\/ar\/wp-json\/wp\/v2\/users\/1"}],"replies":[{"embeddable":true,"href":"https:\/\/maktabaal.carre.agency\/ar\/wp-json\/wp\/v2\/comments?post=8515"}],"version-history":[{"count":19,"href":"https:\/\/maktabaal.carre.agency\/ar\/wp-json\/wp\/v2\/pages\/8515\/revisions"}],"predecessor-version":[{"id":8724,"href":"https:\/\/maktabaal.carre.agency\/ar\/wp-json\/wp\/v2\/pages\/8515\/revisions\/8724"}],"wp:attachment":[{"href":"https:\/\/maktabaal.carre.agency\/ar\/wp-json\/wp\/v2\/media?parent=8515"}],"curies":[{"name":"wp","href":"https:\/\/api.w.org\/{rel}","templated":true}]}}