{"id":36,"date":"2024-09-24T09:39:27","date_gmt":"2024-09-24T09:39:27","guid":{"rendered":"http:\/\/source.wpopal.com\/bokifa\/?page_id=36"},"modified":"2026-03-19T12:56:46","modified_gmt":"2026-03-19T12:56:46","slug":"a-propos","status":"publish","type":"page","link":"https:\/\/maktabaal.carre.agency\/ar\/a-propos\/","title":{"rendered":"\u0646\u0628\u0630\u0629"},"content":{"rendered":"<div data-elementor-type=\"wp-page\" data-elementor-id=\"36\" class=\"elementor elementor-36\">\n\t\t\t\t<div class=\"elementor-element elementor-element-09b0366 e-flex e-con-boxed e-con e-parent\" data-id=\"09b0366\" data-element_type=\"container\" data-e-type=\"container\" data-settings=\"{&quot;background_background&quot;:&quot;gradient&quot;}\">\n\t\t\t\t\t<div class=\"e-con-inner\">\n\t\t<div class=\"elementor-element elementor-element-58697fd e-con-full e-flex e-con e-child\" data-id=\"58697fd\" data-element_type=\"container\" data-e-type=\"container\">\n\t\t\t\t<div class=\"elementor-element elementor-element-78a9e0b elementor-view-default elementor-invisible elementor-widget elementor-widget-icon\" data-id=\"78a9e0b\" data-element_type=\"widget\" data-e-type=\"widget\" data-settings=\"{&quot;_animation&quot;:&quot;fadeIn&quot;}\" data-widget_type=\"icon.default\">\n\t\t\t\t\t\t\t<div class=\"elementor-icon-wrapper\">\n\t\t\t<div class=\"elementor-icon\">\n\t\t\t<i aria-hidden=\"true\" class=\"bokifa-icon- bokifa-icon-star-1\"><\/i>\t\t\t<\/div>\n\t\t<\/div>\n\t\t\t\t\t\t<\/div>\n\t\t\t\t<div class=\"elementor-element elementor-element-8016b9b subtitle-position-above elementor-align-center elementor-widget__width-initial elementor-widget elementor-widget-bokifa-heading\" data-id=\"8016b9b\" data-element_type=\"widget\" data-e-type=\"widget\" data-widget_type=\"bokifa-heading.default\">\n\t\t\t\t<div class=\"elementor-widget-container\">\n\t\t\t\t\t<div class=\"elementor-heading-wrapper-inner\"><h3 class=\"elementor-heading-title elementor-size-default\">\u0645\u0643\u062a\u0628\u0629 \u0645\u0643\u0631\u0633\u0629 \u0644\u0646\u0642\u0644 \u0627\u0644\u0645\u0639\u0631\u0641\u0629 \u0648\u0625\u0634\u0639\u0627\u0639\u0647\u0627.<\/h3><div class=\"elementor-sub-title\">\u0646\u0628\u0630\u0629 \u0639\u0646 \u0645\u0643\u062a\u0628\u0629 \u0627\u0644\u0625\u0634\u0631\u0627\u0642<\/div><\/div>\t\t\t\t<\/div>\n\t\t\t\t<\/div>\n\t\t<div class=\"elementor-element elementor-element-ac0a551 e-grid e-con-full direction-r btn-r e-con e-child\" data-id=\"ac0a551\" data-element_type=\"container\" data-e-type=\"container\">\n\t\t<div class=\"elementor-element elementor-element-c938c5c e-con-full e-flex e-con e-child\" data-id=\"c938c5c\" data-element_type=\"container\" data-e-type=\"container\">\n\t\t\t\t<div class=\"elementor-element elementor-element-f7d3fab elementor-widget elementor-widget-heading\" data-id=\"f7d3fab\" data-element_type=\"widget\" data-e-type=\"widget\" data-widget_type=\"heading.default\">\n\t\t\t\t\t<h2 class=\"elementor-heading-title elementor-size-default\">\u062a\u0627\u0631\u064a\u062e\u0646\u0627<\/h2>\t\t\t\t<\/div>\n\t\t\t\t<div class=\"elementor-element elementor-element-d3e5e3c elementor-widget elementor-widget-text-editor\" data-id=\"d3e5e3c\" data-element_type=\"widget\" data-e-type=\"widget\" data-widget_type=\"text-editor.default\">\n\t\t\t\t\t\t\t\t\t<p class=\"translation-block\">\u062a\u0623\u0633\u0633\u062a \u0645\u0643\u062a\u0628\u0629 \u0627\u0644\u0625\u0634\u0631\u0627\u0642 \u062e\u0644\u0627\u0644 \u0634\u0647\u0631 \u0631\u0645\u0636\u0627\u0646 \u0627\u0644\u0645\u0628\u0627\u0631\u0643 \u0645\u0646 \u0639\u0627\u0645 1446 \u0647\u0640\u060c \u0627\u0644\u0645\u0648\u0627\u0641\u0642 1 \u0645\u0627\u0631\u0633 2025. \u0648\u0642\u062f \u0646\u0634\u0623\u062a \u0645\u0643\u062a\u0628\u062a\u0646\u0627 \u0645\u0646 \u0631\u063a\u0628\u0629 \u0639\u0645\u064a\u0642\u0629 \u0641\u064a \u0646\u0634\u0631 \u0627\u0644\u0645\u0639\u0631\u0641\u0629 \u0648\u062a\u0645\u0643\u064a\u0646 \u0627\u0644\u062c\u0645\u064a\u0639 \u0645\u0646 \u0627\u0644\u0648\u0635\u0648\u0644 \u0625\u0644\u0649 \u0643\u0646\u0648\u0632 \u0627\u0644\u062a\u0631\u0627\u062b \u0627\u0644\u0625\u0633\u0644\u0627\u0645\u064a.<\/p><p>\u0645\u0646 \u062e\u0644\u0627\u0644 \u0645\u062c\u0645\u0648\u0639\u0629 \u0645\u062e\u062a\u0627\u0631\u0629 \u0645\u0646 \u0627\u0644\u0643\u062a\u0628 \u0627\u0644\u0645\u0648\u062b\u0648\u0642\u0629 \u0648\u0630\u0627\u062a \u0627\u0644\u062c\u0648\u062f\u0629 \u0627\u0644\u0639\u0627\u0644\u064a\u0629\u060c \u0646\u0648\u062f \u0623\u0646 \u0646\u0631\u0627\u0641\u0642 \u062c\u0645\u064a\u0639 \u0645\u0646 \u064a\u062a\u0637\u0644\u0639\u0648\u0646 \u0625\u0644\u0649 \u0627\u0644\u062a\u0639\u0644\u0645 \u0648\u0641\u0647\u0645 \u062a\u0639\u0627\u0644\u064a\u0645 \u0627\u0644\u0625\u0633\u0644\u0627\u0645 \u0648\u062a\u0639\u0645\u064a\u0642 \u0645\u0639\u0631\u0641\u062a\u0647\u0645 \u0628\u0647\u0627.<\/p>\t\t\t\t\t\t\t\t<\/div>\n\t\t\t\t<div class=\"elementor-element elementor-element-d85ce83 elementor-align-left elementor-button-default elementor-widget elementor-widget-button\" data-id=\"d85ce83\" data-element_type=\"widget\" data-e-type=\"widget\" data-widget_type=\"button.default\">\n\t\t\t\t\t\t\t\t\t\t<a class=\"elementor-button elementor-button-link elementor-size-md\" href=\"\/ar\/shop\/\">\n\t\t\t\t\t\t<span class=\"elementor-button-content-wrapper\">\n\t\t\t\t\t\t<span class=\"elementor-button-icon\">\n\t\t\t\t<i aria-hidden=\"true\" class=\"bokifa-icon- bokifa-icon-chevron-right\"><\/i>\t\t\t<\/span>\n\t\t\t\t\t\t\t\t\t<span class=\"elementor-button-text\">\u0627\u0643\u062a\u0634\u0641 \u0627\u0644\u0645\u0643\u062a\u0628\u0629<\/span>\n\t\t\t\t\t<\/span>\n\t\t\t\t\t<\/a>\n\t\t\t\t\t\t\t\t<\/div>\n\t\t\t\t<\/div>\n\t\t<div class=\"elementor-element elementor-element-fd1e93e e-con-full e-flex e-con e-child\" data-id=\"fd1e93e\" data-element_type=\"container\" data-e-type=\"container\">\n\t\t\t\t<div class=\"elementor-element elementor-element-894e456 elementor-widget elementor-widget-image\" data-id=\"894e456\" data-element_type=\"widget\" data-e-type=\"widget\" data-widget_type=\"image.default\">\n\t\t\t\t\t\t\t\t\t\t<div class=\"elementor-image\">\n\t\t\t\t\t\t\t\t                <div class=\"elementor-bokifa-bg-image\" ><\/div>\n\t\t\t\t<img fetchpriority=\"high\" decoding=\"async\" width=\"1920\" height=\"1080\" src=\"https:\/\/maktabaal.carre.agency\/wp-content\/uploads\/2026\/03\/yuz-ayub-rsBcEurM-7M-unsplash-1.jpg\" class=\"attachment-full size-full wp-image-8045\" alt=\"\" srcset=\"https:\/\/maktabaal.carre.agency\/wp-content\/uploads\/2026\/03\/yuz-ayub-rsBcEurM-7M-unsplash-1.jpg 1920w, https:\/\/maktabaal.carre.agency\/wp-content\/uploads\/2026\/03\/yuz-ayub-rsBcEurM-7M-unsplash-1-300x169.jpg 300w, https:\/\/maktabaal.carre.agency\/wp-content\/uploads\/2026\/03\/yuz-ayub-rsBcEurM-7M-unsplash-1-1024x576.jpg 1024w, https:\/\/maktabaal.carre.agency\/wp-content\/uploads\/2026\/03\/yuz-ayub-rsBcEurM-7M-unsplash-1-768x432.jpg 768w, https:\/\/maktabaal.carre.agency\/wp-content\/uploads\/2026\/03\/yuz-ayub-rsBcEurM-7M-unsplash-1-1536x864.jpg 1536w, https:\/\/maktabaal.carre.agency\/wp-content\/uploads\/2026\/03\/yuz-ayub-rsBcEurM-7M-unsplash-1-18x10.jpg 18w, https:\/\/maktabaal.carre.agency\/wp-content\/uploads\/2026\/03\/yuz-ayub-rsBcEurM-7M-unsplash-1-580x326.jpg 580w\" sizes=\"(max-width: 1920px) 100vw, 1920px\" \/>\t\t\t\t\t\t\t\t\t\t\t\t\t\t<\/div>\n\t\t\t\t\t\t\t\t<\/div>\n\t\t\t\t<\/div>\n\t\t\t\t<\/div>\n\t\t<div class=\"elementor-element elementor-element-e12fce8 e-grid e-con-full direction-r btn-r e-con e-child\" data-id=\"e12fce8\" data-element_type=\"container\" data-e-type=\"container\">\n\t\t<div class=\"elementor-element elementor-element-f82280e e-con-full e-flex e-con e-child\" data-id=\"f82280e\" data-element_type=\"container\" data-e-type=\"container\">\n\t\t\t\t<div class=\"elementor-element elementor-element-66b7067 elementor-widget elementor-widget-image\" data-id=\"66b7067\" data-element_type=\"widget\" data-e-type=\"widget\" data-widget_type=\"image.default\">\n\t\t\t\t\t\t\t\t\t\t<div class=\"elementor-image\">\n\t\t\t\t\t\t\t\t                <div class=\"elementor-bokifa-bg-image\" ><\/div>\n\t\t\t\t<img decoding=\"async\" width=\"1920\" height=\"1280\" src=\"https:\/\/maktabaal.carre.agency\/wp-content\/uploads\/2026\/03\/indra-projects-oW0Kuf78YCk-unsplash.jpg\" class=\"attachment-full size-full wp-image-8049\" alt=\"\" srcset=\"https:\/\/maktabaal.carre.agency\/wp-content\/uploads\/2026\/03\/indra-projects-oW0Kuf78YCk-unsplash.jpg 1920w, https:\/\/maktabaal.carre.agency\/wp-content\/uploads\/2026\/03\/indra-projects-oW0Kuf78YCk-unsplash-300x200.jpg 300w, https:\/\/maktabaal.carre.agency\/wp-content\/uploads\/2026\/03\/indra-projects-oW0Kuf78YCk-unsplash-1024x683.jpg 1024w, https:\/\/maktabaal.carre.agency\/wp-content\/uploads\/2026\/03\/indra-projects-oW0Kuf78YCk-unsplash-768x512.jpg 768w, https:\/\/maktabaal.carre.agency\/wp-content\/uploads\/2026\/03\/indra-projects-oW0Kuf78YCk-unsplash-1536x1024.jpg 1536w, https:\/\/maktabaal.carre.agency\/wp-content\/uploads\/2026\/03\/indra-projects-oW0Kuf78YCk-unsplash-18x12.jpg 18w, https:\/\/maktabaal.carre.agency\/wp-content\/uploads\/2026\/03\/indra-projects-oW0Kuf78YCk-unsplash-580x387.jpg 580w\" sizes=\"(max-width: 1920px) 100vw, 1920px\" \/>\t\t\t\t\t\t\t\t\t\t\t\t\t\t<\/div>\n\t\t\t\t\t\t\t\t<\/div>\n\t\t\t\t<\/div>\n\t\t<div class=\"elementor-element elementor-element-13eccf6 e-con-full e-flex e-con e-child\" data-id=\"13eccf6\" data-element_type=\"container\" data-e-type=\"container\">\n\t\t\t\t<div class=\"elementor-element elementor-element-ad31fee elementor-widget elementor-widget-heading\" data-id=\"ad31fee\" data-element_type=\"widget\" data-e-type=\"widget\" data-widget_type=\"heading.default\">\n\t\t\t\t\t<h2 class=\"elementor-heading-title elementor-size-default\">\u0645\u0647\u0645\u062a\u0646\u0627<\/h2>\t\t\t\t<\/div>\n\t\t\t\t<div class=\"elementor-element elementor-element-c52d965 elementor-widget elementor-widget-text-editor\" data-id=\"c52d965\" data-element_type=\"widget\" data-e-type=\"widget\" data-widget_type=\"text-editor.default\">\n\t\t\t\t\t\t\t\t\t<p class=\"translation-block\">\u0646\u0624\u0645\u0646 \u0628\u0623\u0646 \u0627\u0644\u0639\u0644\u0645 \u0646\u0648\u0631 \u064a\u0647\u062f\u064a \u0627\u0644\u0642\u0644\u0648\u0628 \u0648\u064a\u0646\u064a\u0631 \u0627\u0644\u0639\u0642\u0648\u0644. \u0648\u062a\u062a\u0645\u062b\u0644 \u0645\u0647\u0645\u062a\u0646\u0627 \u0641\u064a \u0625\u062a\u0627\u062d\u0629 \u0643\u062a\u0628 \u0645\u0648\u062b\u0648\u0642\u0629 \u062a\u063a\u0637\u064a \u0645\u062e\u062a\u0644\u0641 \u0627\u0644\u062a\u062e\u0635\u0635\u0627\u062a \u0627\u0644\u0625\u0633\u0644\u0627\u0645\u064a\u0629: \u0639\u0644\u0648\u0645 \u0627\u0644\u0642\u0631\u0622\u0646\u060c \u0648\u0627\u0644\u062d\u062f\u064a\u062b\u060c \u0648\u0627\u0644\u0639\u0642\u064a\u062f\u0629\u060c \u0648\u0627\u0644\u0641\u0642\u0647\u060c \u0648\u0627\u0644\u0644\u063a\u0629 \u0627\u0644\u0639\u0631\u0628\u064a\u0629\u060c \u0648\u0633\u064a\u0631\u0629 \u0627\u0644\u0646\u0628\u064a \ufdfa\u060c \u0648\u0627\u0644\u062a\u0627\u0631\u064a\u062e\u060c \u0648\u0627\u0644\u0631\u0648\u062d\u0627\u0646\u064a\u0627\u062a.<\/p><p>\u0646\u0648\u062f \u0623\u0646 \u0646\u062a\u064a\u062d \u0644\u0643\u0644 \u0642\u0627\u0631\u0626 \u0641\u0631\u0635\u0629 \u0627\u0643\u062a\u0634\u0627\u0641 \u0647\u0630\u0627 \u0627\u0644\u062a\u0631\u0627\u062b \u0627\u0644\u062b\u0645\u064a\u0646 \u0648\u0641\u0647\u0645\u0647 \u0648\u0646\u0642\u0644\u0647 \u0625\u0644\u0649 \u0627\u0644\u0623\u062c\u064a\u0627\u0644 \u0627\u0644\u0642\u0627\u062f\u0645\u0629.<\/p>\t\t\t\t\t\t\t\t<\/div>\n\t\t\t\t<div class=\"elementor-element elementor-element-4553f0d elementor-align-left elementor-button-default elementor-widget elementor-widget-button\" data-id=\"4553f0d\" data-element_type=\"widget\" data-e-type=\"widget\" data-widget_type=\"button.default\">\n\t\t\t\t\t\t\t\t\t\t<a class=\"elementor-button elementor-button-link elementor-size-md\" href=\"\/ar\/shop\/\">\n\t\t\t\t\t\t<span class=\"elementor-button-content-wrapper\">\n\t\t\t\t\t\t<span class=\"elementor-button-icon\">\n\t\t\t\t<i aria-hidden=\"true\" class=\"bokifa-icon- bokifa-icon-chevron-right\"><\/i>\t\t\t<\/span>\n\t\t\t\t\t\t\t\t\t<span class=\"elementor-button-text\">\u0627\u0643\u062a\u0634\u0641 \u0627\u0644\u0645\u0643\u062a\u0628\u0629<\/span>\n\t\t\t\t\t<\/span>\n\t\t\t\t\t<\/a>\n\t\t\t\t\t\t\t\t<\/div>\n\t\t\t\t<\/div>\n\t\t\t\t<\/div>\n\t\t\t\t<div class=\"elementor-element elementor-element-26b66d1 elementor-absolute elementor-invisible elementor-widget elementor-widget-image\" data-id=\"26b66d1\" data-element_type=\"widget\" data-e-type=\"widget\" data-settings=\"{&quot;_position&quot;:&quot;absolute&quot;,&quot;_animation&quot;:&quot;fadeInRight&quot;,&quot;_animation_delay&quot;:350}\" data-widget_type=\"image.default\">\n\t\t\t\t\t\t\t\t\t\t<div class=\"elementor-image\">\n\t\t\t\t\t\t\t\t                <div class=\"elementor-bokifa-bg-image\" ><\/div>\n\t\t\t\t<img decoding=\"async\" src=\"http:\/\/source.wpopal.com\/bokifa\/wp-content\/uploads\/2024\/09\/about-png-2.png\" title=\"\" alt=\"\" loading=\"lazy\" \/>\t\t\t\t\t\t\t\t\t\t\t\t\t\t<\/div>\n\t\t\t\t\t\t\t\t<\/div>\n\t\t\t\t<\/div>\n\t\t\t\t\t<\/div>\n\t\t\t\t<\/div>\n\t\t\t\t<\/div>","protected":false},"excerpt":{"rendered":"<p>Une librairie d\u00e9di\u00e9e \u00e0 la transmission du savoir et \u00e0 la lumi\u00e8re de la connaissance. \u00c0 propos de Maktaba Al-Ichraq Notre histoire C\u2019est durant le mois b\u00e9ni de Ramadan de l\u2019an 1446H, correspondant au 1er mars 2025, que Maktaba Al-Ichraq a vu le jour.Notre librairie est n\u00e9e d\u2019un d\u00e9sir profond de partager le savoir et [&hellip;]<\/p>\n","protected":false},"author":1,"featured_media":0,"parent":0,"menu_order":0,"comment_status":"closed","ping_status":"closed","template":"","meta":{"inline_featured_image":false,"footnotes":""},"class_list":["post-36","page","type-page","status-publish","hentry"],"_links":{"self":[{"href":"https:\/\/maktabaal.carre.agency\/ar\/wp-json\/wp\/v2\/pages\/36","targetHints":{"allow":["GET"]}}],"collection":[{"href":"https:\/\/maktabaal.carre.agency\/ar\/wp-json\/wp\/v2\/pages"}],"about":[{"href":"https:\/\/maktabaal.carre.agency\/ar\/wp-json\/wp\/v2\/types\/page"}],"author":[{"embeddable":true,"href":"https:\/\/maktabaal.carre.agency\/ar\/wp-json\/wp\/v2\/users\/1"}],"replies":[{"embeddable":true,"href":"https:\/\/maktabaal.carre.agency\/ar\/wp-json\/wp\/v2\/comments?post=36"}],"version-history":[{"count":13,"href":"https:\/\/maktabaal.carre.agency\/ar\/wp-json\/wp\/v2\/pages\/36\/revisions"}],"predecessor-version":[{"id":8381,"href":"https:\/\/maktabaal.carre.agency\/ar\/wp-json\/wp\/v2\/pages\/36\/revisions\/8381"}],"wp:attachment":[{"href":"https:\/\/maktabaal.carre.agency\/ar\/wp-json\/wp\/v2\/media?parent=36"}],"curies":[{"name":"wp","href":"https:\/\/api.w.org\/{rel}","templated":true}]}}